{"id":1265,"date":"2024-07-23T15:59:11","date_gmt":"2024-07-23T15:59:11","guid":{"rendered":"https:\/\/cleanskinlaser.ch\/?page_id=1265"},"modified":"2025-02-05T15:56:25","modified_gmt":"2025-02-05T15:56:25","slug":"permanent-makeup-removal","status":"publish","type":"page","link":"https:\/\/cleanskinlaser.ch\/de\/permanent-makeup-removal\/","title":{"rendered":"Dauerhafte Make-up-Entfernung"},"content":{"rendered":"<div data-elementor-type=\"wp-page\" data-elementor-id=\"1265\" class=\"elementor elementor-1265\" data-elementor-post-type=\"page\">\n\t\t\t\t<div class=\"elementor-element elementor-element-cd139aa e-flex e-con-boxed e-con e-parent\" data-id=\"cd139aa\" data-element_type=\"container\" data-e-type=\"container\">\n\t\t\t\t\t<div class=\"e-con-inner\">\n\t\t\t\t<div class=\"elementor-element elementor-element-8ef5248 elementor-headline--style-highlight elementor-widget elementor-widget-animated-headline\" data-id=\"8ef5248\" data-element_type=\"widget\" data-e-type=\"widget\" data-settings=\"{&quot;marker&quot;:&quot;underline&quot;,&quot;highlighted_text&quot;:&quot;Makeup&quot;,&quot;headline_style&quot;:&quot;highlight&quot;,&quot;loop&quot;:&quot;yes&quot;,&quot;highlight_animation_duration&quot;:1200,&quot;highlight_iteration_delay&quot;:8000}\" data-widget_type=\"animated-headline.default\">\n\t\t\t\t<div class=\"elementor-widget-container\">\n\t\t\t\t\t\t\t<h3 class=\"elementor-headline\">\n\t\t\t\t\t<span class=\"elementor-headline-plain-text elementor-headline-text-wrapper\">Dauerhaft<\/span>\n\t\t\t\t<span class=\"elementor-headline-dynamic-wrapper elementor-headline-text-wrapper\">\n\t\t\t\t\t<span class=\"elementor-headline-dynamic-text elementor-headline-text-active\">Make-up<\/span>\n\t\t\t\t<\/span>\n\t\t\t\t\t<span class=\"elementor-headline-plain-text elementor-headline-text-wrapper\">Entfernung<\/span>\n\t\t\t\t\t<\/h3>\n\t\t\t\t\t\t<\/div>\n\t\t\t\t<\/div>\n\t\t\t\t<div class=\"elementor-element elementor-element-0bf7593 elementor-widget elementor-widget-text-editor\" data-id=\"0bf7593\" data-element_type=\"widget\" data-e-type=\"widget\" data-widget_type=\"text-editor.default\">\n\t\t\t\t<div class=\"elementor-widget-container\">\n\t\t\t\t\t\t\t\t\t<p><strong><span style=\"font-size: 14pt;\">Sind Sie mit den Ergebnissen Ihres Permanent-Make-ups, Microbladings oder sogar Tattoos unzufrieden und denken \u00fcber eine Korrektur nach? Der Gedanke, eine Laserbehandlung zur Entfernung von Permanent-Make-up oder Teilen davon zu unterziehen, ist mit einer gewissen Angst vor den damit verbundenen Schmerzen verbunden. Diese Einstellung ist durchaus verst\u00e4ndlich.<\/span><\/strong><\/p><p>In diesem Fall m\u00f6chte ich Ihnen eine ideale L\u00f6sung vorstellen. Das Verfahren eignet sich besonders f\u00fcr die Pigmententfernung und f\u00fcr das Abdecken von Tattoos. Das Alter der Pigmentierung ist irrelevant. Die Entfernung von Pigmenten erfolgt durch das Einbringen einer rein nat\u00fcrlichen L\u00f6sung in die Haut. Das Produkt ist so sanft, dass es die Haut nicht angreift und keine Narben hinterl\u00e4sst.<\/p><p>Die Entfernung von Permanent-Make-up bei Clean Skin Laser erfolgt mit der modernsten Technologie. Wir setzen auf PICO-LASER-Technologie, um ein optimales, nat\u00fcrliches Ergebnis zu erzielen. Das Risiko f\u00fcr den Patienten ist minimal, da die Behandlung mit der neuesten Technologie durchgef\u00fchrt wird. Sie werden von den Ergebnissen nach nur wenigen Behandlungen begeistert sein. Nat\u00fcrlich k\u00f6nnen Sie w\u00e4hlen, ob die Behandlung mit oder ohne medizinische Bet\u00e4ubungscreme durchgef\u00fchrt werden soll.<\/p>\t\t\t\t\t\t\t\t<\/div>\n\t\t\t\t<\/div>\n\t\t\t\t<div class=\"elementor-element elementor-element-e204705 elementor-widget elementor-widget-image\" data-id=\"e204705\" data-element_type=\"widget\" data-e-type=\"widget\" data-widget_type=\"image.default\">\n\t\t\t\t<div class=\"elementor-widget-container\">\n\t\t\t\t\t\t\t\t\t\t\t\t\t\t\t<img fetchpriority=\"high\" decoding=\"async\" width=\"300\" height=\"248\" src=\"https:\/\/cleanskinlaser.ch\/wp-content\/uploads\/2024\/08\/WhatsApp-Image-2024-08-06-at-11.21.04-300x248.jpeg\" class=\"attachment-medium size-medium wp-image-1350\" alt=\"\" srcset=\"https:\/\/cleanskinlaser.ch\/wp-content\/uploads\/2024\/08\/WhatsApp-Image-2024-08-06-at-11.21.04-300x248.jpeg 300w, https:\/\/cleanskinlaser.ch\/wp-content\/uploads\/2024\/08\/WhatsApp-Image-2024-08-06-at-11.21.04-14x12.jpeg 14w, https:\/\/cleanskinlaser.ch\/wp-content\/uploads\/2024\/08\/WhatsApp-Image-2024-08-06-at-11.21.04.jpeg 640w\" sizes=\"(max-width: 300px) 100vw, 300px\" \/>\t\t\t\t\t\t\t\t\t\t\t\t\t\t\t<\/div>\n\t\t\t\t<\/div>\n\t\t\t\t<div class=\"elementor-element elementor-element-b3fc57c elementor-widget elementor-widget-heading\" data-id=\"b3fc57c\" data-element_type=\"widget\" data-e-type=\"widget\" data-widget_type=\"heading.default\">\n\t\t\t\t<div class=\"elementor-widget-container\">\n\t\t\t\t\t<h2 class=\"elementor-heading-title elementor-size-default\">Weitere Informationen zur Entfernung von Permanent-Make-up:<\/h2>\t\t\t\t<\/div>\n\t\t\t\t<\/div>\n\t\t\t\t<div class=\"elementor-element elementor-element-4a054af elementor-widget elementor-widget-text-editor\" data-id=\"4a054af\" data-element_type=\"widget\" data-e-type=\"widget\" data-widget_type=\"text-editor.default\">\n\t\t\t\t<div class=\"elementor-widget-container\">\n\t\t\t\t\t\t\t\t\t<p>Die PicoLaser-Technologie stellt einen bedeutenden Fortschritt in der \u00e4sthetischen Medizin dar und bietet eine Reihe von Vorteilen gegen\u00fcber traditionellen Laserbehandlungen. Die hohe Pr\u00e4zision der PicoLaser-Technologie erm\u00f6glicht eine gezielte Zerst\u00f6rung von Pigmentpartikeln, ohne das umliegende Gewebe zu sch\u00e4digen. Dies wird durch die ultrakurzen Lichtimpulse des PicoLasers sichergestellt. Dies f\u00fchrt zu homogenen und nat\u00fcrlichen Ergebnissen.<\/p><p>Dar\u00fcber hinaus zeichnen sich die Behandlungen durch eine kurze Dauer aus. Der effiziente Betrieb des PicoLasers erm\u00f6glicht eine Reduzierung der Behandlungszeit und eine Verringerung der Anzahl der erforderlichen Sitzungen im Vergleich zu herk\u00f6mmlichen Methoden.<\/p><p>Die Behandlung ist gleicherma\u00dfen f\u00fcr alle Hauttypen geeignet. Die Technologie ist f\u00fcr eine Vielzahl von Hauttypen und Pigmentierungen geeignet und bietet somit eine vielseitige L\u00f6sung.<\/p>\t\t\t\t\t\t\t\t<\/div>\n\t\t\t\t<\/div>\n\t\t\t\t<div class=\"elementor-element elementor-element-ee7fcf6 elementor-widget elementor-widget-heading\" data-id=\"ee7fcf6\" data-element_type=\"widget\" data-e-type=\"widget\" data-widget_type=\"heading.default\">\n\t\t\t\t<div class=\"elementor-widget-container\">\n\t\t\t\t\t<h2 class=\"elementor-heading-title elementor-size-default\">Die Vorteile der Behandlung bei Clean Skin Laser sind:<\/h2>\t\t\t\t<\/div>\n\t\t\t\t<\/div>\n\t\t\t\t<div class=\"elementor-element elementor-element-0b74217 elementor-widget elementor-widget-text-editor\" data-id=\"0b74217\" data-element_type=\"widget\" data-e-type=\"widget\" data-widget_type=\"text-editor.default\">\n\t\t\t\t<div class=\"elementor-widget-container\">\n\t\t\t\t\t\t\t\t\t<p><strong>Individuelle Beratung: Wir bieten individuelle Beratung und ma\u00dfgeschneiderte Behandlungspl\u00e4ne an, um sicherzustellen, dass jeder Patient die bestm\u00f6gliche Pflege und die gew\u00fcnschten Ergebnisse erh\u00e4lt. Clean Skin Laser verf\u00fcgt \u00fcber moderne Ger\u00e4te, die den Einsatz der neuesten Technologie erm\u00f6glichen. Dadurch k\u00f6nnen wir den Patienten die effektivsten und sichersten Behandlungen anbieten. Die Entfernung von Permanent Makeup mit dem PicoLaser ist eine sichere und effiziente Methode, die minimalinvasiv ist und schnelle Ergebnisse liefert. Die gezielte Wirkung der ultrakurzen Lichtimpulse erm\u00f6glicht eine schonende Behandlung der Haut, wodurch die Heilungszeit verk\u00fcrzt und das Risiko von Komplikationen minimiert wird. Vertrauen Sie auf unsere Expertise und die neueste Technologie, um unerw\u00fcnschtes Permanent Makeup sicher und effektiv zu entfernen. F\u00fcr weitere Informationen oder zur Terminvereinbarung stehen wir Ihnen jederzeit zur Verf\u00fcgung.<\/strong><\/p>\t\t\t\t\t\t\t\t<\/div>\n\t\t\t\t<\/div>\n\t\t\t\t<div class=\"elementor-element elementor-element-fabf928 elementor-headline--style-highlight elementor-widget elementor-widget-animated-headline\" data-id=\"fabf928\" data-element_type=\"widget\" data-e-type=\"widget\" data-settings=\"{&quot;marker&quot;:&quot;underline&quot;,&quot;highlighted_text&quot;:&quot;Pricing&quot;,&quot;headline_style&quot;:&quot;highlight&quot;,&quot;loop&quot;:&quot;yes&quot;,&quot;highlight_animation_duration&quot;:1200,&quot;highlight_iteration_delay&quot;:8000}\" data-widget_type=\"animated-headline.default\">\n\t\t\t\t<div class=\"elementor-widget-container\">\n\t\t\t\t\t\t\t<h3 class=\"elementor-headline\">\n\t\t\t\t<span class=\"elementor-headline-dynamic-wrapper elementor-headline-text-wrapper\">\n\t\t\t\t\t<span class=\"elementor-headline-dynamic-text elementor-headline-text-active\">Preisgestaltung<\/span>\n\t\t\t\t<\/span>\n\t\t\t\t<\/h3>\n\t\t\t\t\t\t<\/div>\n\t\t\t\t<\/div>\n\t\t\t\t\t<\/div>\n\t\t\t\t<\/div>\n\t\t<div class=\"elementor-element elementor-element-9b22889 e-flex e-con-boxed e-con e-parent\" data-id=\"9b22889\" data-element_type=\"container\" data-e-type=\"container\">\n\t\t\t\t\t<div class=\"e-con-inner\">\n\t\t<div class=\"elementor-element elementor-element-dfda394 e-con-full e-flex e-con e-child\" data-id=\"dfda394\" data-element_type=\"container\" data-e-type=\"container\">\n\t\t\t\t<\/div>\n\t\t<div class=\"elementor-element elementor-element-f4369f4 e-con-full e-flex e-con e-child\" data-id=\"f4369f4\" data-element_type=\"container\" data-e-type=\"container\">\n\t\t\t\t<div class=\"elementor-element elementor-element-649a6b9 elementor-widget elementor-widget-price-table\" data-id=\"649a6b9\" data-element_type=\"widget\" data-e-type=\"widget\" data-widget_type=\"price-table.default\">\n\t\t\t\t<div class=\"elementor-widget-container\">\n\t\t\t\t\t\n\t\t<div class=\"elementor-price-table\">\n\t\t\t\t\t\t\t<div class=\"elementor-price-table__header\">\n\t\t\t\t\t\t\t\t\t\t\t<h2 class=\"elementor-price-table__heading\">\n\t\t\t\t\t\tAugenbrauenentfernung\t\t\t\t\t\t<\/h2>\n\t\t\t\t\t\n\t\t\t\t\t\t\t\t\t<\/div>\n\t\t\t\n\t\t\t<div class=\"elementor-price-table__price\">\n\t\t\t\t\t\t\t\t<span class=\"elementor-price-table__currency\">CHF<\/span>\t\t\t\t\t\t\t\t\t<span class=\"elementor-price-table__integer-part\">\n\t\t\t\t\t\t120\t\t\t\t\t<\/span>\n\t\t\t\t\n\t\t\t\t\n\t\t\t\t\n\t\t\t\t\t\t\t<\/div>\n\n\t\t\t\t\t\t\t<ul class=\"elementor-price-table__features-list\">\n\t\t\t\t\t\t\t\t\t\t\t<li class=\"elementor-repeater-item-d346746\">\n\t\t\t\t\t\t\t<div class=\"elementor-price-table__feature-inner\">\n\t\t\t\t\t\t\t\t\t\t\t\t\t\t\t\t\t\t\t\t\t\t\t\t\t<span >\n\t\t\t\t\t\t\t\t\t\tPro Sitzung\t\t\t\t\t\t\t\t\t<\/span>\n\t\t\t\t\t\t\t\t\t\t\t\t\t\t\t\t<\/div>\n\t\t\t\t\t\t<\/li>\n\t\t\t\t\t\t\t\t\t\t\t<li class=\"elementor-repeater-item-5058440\">\n\t\t\t\t\t\t\t<div class=\"elementor-price-table__feature-inner\">\n\t\t\t\t\t\t\t\t\t\t\t\t\t\t\t\t\t\t\t\t\t\t\t\t\t<span >\n\t\t\t\t\t\t\t\t\t\tBeide Augenbrauen zusammen\t\t\t\t\t\t\t\t\t<\/span>\n\t\t\t\t\t\t\t\t\t\t\t\t\t\t\t\t<\/div>\n\t\t\t\t\t\t<\/li>\n\t\t\t\t\t\t\t\t\t<\/ul>\n\t\t\t\n\t\t\t\t\t<\/div>\n\n\t\t\t\t\t\t<\/div>\n\t\t\t\t<\/div>\n\t\t\t\t<\/div>\n\t\t<div class=\"elementor-element elementor-element-74fa5af e-con-full e-flex e-con e-child\" data-id=\"74fa5af\" data-element_type=\"container\" data-e-type=\"container\">\n\t\t\t\t<\/div>\n\t\t\t\t\t<\/div>\n\t\t\t\t<\/div>\n\t\t<div class=\"elementor-element elementor-element-a8c042f e-flex e-con-boxed e-con e-parent\" data-id=\"a8c042f\" data-element_type=\"container\" data-e-type=\"container\">\n\t\t\t\t\t<div class=\"e-con-inner\">\n\t\t\t\t<div class=\"elementor-element elementor-element-2d9a92e elementor-headline--style-highlight elementor-widget elementor-widget-animated-headline\" data-id=\"2d9a92e\" data-element_type=\"widget\" data-e-type=\"widget\" data-settings=\"{&quot;marker&quot;:&quot;underline&quot;,&quot;highlighted_text&quot;:&quot;FAQ&quot;,&quot;headline_style&quot;:&quot;highlight&quot;,&quot;loop&quot;:&quot;yes&quot;,&quot;highlight_animation_duration&quot;:1200,&quot;highlight_iteration_delay&quot;:8000}\" data-widget_type=\"animated-headline.default\">\n\t\t\t\t<div class=\"elementor-widget-container\">\n\t\t\t\t\t\t\t<h3 class=\"elementor-headline\">\n\t\t\t\t<span class=\"elementor-headline-dynamic-wrapper elementor-headline-text-wrapper\">\n\t\t\t\t\t<span class=\"elementor-headline-dynamic-text elementor-headline-text-active\">H\u00e4ufig gestellte Fragen<\/span>\n\t\t\t\t<\/span>\n\t\t\t\t<\/h3>\n\t\t\t\t\t\t<\/div>\n\t\t\t\t<\/div>\n\t\t\t\t\t<\/div>\n\t\t\t\t<\/div>\n\t\t\t\t<\/div>","protected":false},"excerpt":{"rendered":"<p>Permanent Makeup Removal Are you dissatisfied with the results of your Permanent Makeup, Microblading, or even Tattoos and considering a correction? The thought of undergoing laser treatment to remove Permanent Makeup or parts of it is associated with a certain fear of the pain involved. This attitude is quite understandable. In this case, I would [&hellip;]<\/p>\n","protected":false},"author":1,"featured_media":0,"parent":0,"menu_order":0,"comment_status":"closed","ping_status":"closed","template":"","meta":{"_acf_changed":false,"footnotes":""},"class_list":["post-1265","page","type-page","status-publish","hentry"],"acf":[],"_links":{"self":[{"href":"https:\/\/cleanskinlaser.ch\/de\/wp-json\/wp\/v2\/pages\/1265","targetHints":{"allow":["GET"]}}],"collection":[{"href":"https:\/\/cleanskinlaser.ch\/de\/wp-json\/wp\/v2\/pages"}],"about":[{"href":"https:\/\/cleanskinlaser.ch\/de\/wp-json\/wp\/v2\/types\/page"}],"author":[{"embeddable":true,"href":"https:\/\/cleanskinlaser.ch\/de\/wp-json\/wp\/v2\/users\/1"}],"replies":[{"embeddable":true,"href":"https:\/\/cleanskinlaser.ch\/de\/wp-json\/wp\/v2\/comments?post=1265"}],"version-history":[{"count":37,"href":"https:\/\/cleanskinlaser.ch\/de\/wp-json\/wp\/v2\/pages\/1265\/revisions"}],"predecessor-version":[{"id":1421,"href":"https:\/\/cleanskinlaser.ch\/de\/wp-json\/wp\/v2\/pages\/1265\/revisions\/1421"}],"wp:attachment":[{"href":"https:\/\/cleanskinlaser.ch\/de\/wp-json\/wp\/v2\/media?parent=1265"}],"curies":[{"name":"wp","href":"https:\/\/api.w.org\/{rel}","templated":true}]}}