{"id":165,"date":"2019-03-18T09:39:39","date_gmt":"2019-03-18T06:39:39","guid":{"rendered":"https:\/\/promo-theme.com\/luxa\/?page_id=165"},"modified":"2024-07-23T14:56:44","modified_gmt":"2024-07-23T14:56:44","slug":"about-us","status":"publish","type":"page","link":"https:\/\/cleanskinlaser.ch\/de\/about-us\/","title":{"rendered":"\u00dcber uns"},"content":{"rendered":"<div class=\"wpb-content-wrapper\"><div data-vc-full-width=\"true\" data-vc-full-width-init=\"false\" data-vc-stretch-content=\"true\" class=\"vc_row wpb_row vc_row-fluid vc_row-5c9cae5cf4b50 vc_row-no-padding\"><div class=\"wpb_column vc_column_container vc_col-sm-12\"><div class=\"vc_column-inner\" style=\"  \"><div class=\"wpb_wrapper\">    <section class=\"banner-area banner-area-5c9cadf8f745e current-black\">\n            <div class=\"banner-item black tac\" style=\"\">\n                <div class=\"container\">\n          <div class=\"row align-items-center fixed-height\" style=\"height: 575px;\">\n            <div class=\"col\">\n                              <div class=\"heading-block tac\">\n                                      <div class=\"sub-h\">about us<\/div>\n                                      <h2 class=\"h\">We believe that our<br \/>\nwork creates shared<br \/>\nvalue for <span>Customers<\/span><\/h2>\n                                  <\/div>\n                              <a class=\"button-style1\" href=\"#\" target=\"_self\"><span class=\"d\"><span><\/span><\/span><span>work with us<\/span><\/a>\n                          <\/div>\n          <\/div>\n        <\/div>\n      <\/div>\n    <\/section>\n    <\/div><\/div><\/div><\/div><div class=\"vc_row-full-width vc_clearfix\"><\/div><div data-vc-full-width=\"true\" data-vc-full-width-init=\"false\" class=\"vc_row wpb_row vc_row-fluid vc_custom_1553772863458 vc_row-5c9cb13b848ff vc_row-has-fill\"><div class=\"wpb_column vc_column_container vc_col-sm-12 vc_col-has-fill\"><div class=\"vc_column-inner vc_custom_1721044259557\" style=\"  color: #020202;\"><div class=\"wpb_wrapper\">    <div class=\"num-box-items num-box-5c91ed9126cc3 row no-gutters\">\n          <div class=\"num-box-item num-box-item-5c91e1c4c5adb  col-lg-3 col-md-6 col-12\">\n              <i class=\"interview-hiring\"><\/i>\n            <div class=\"line\"><\/div>\n      <div class=\"content\">\n                  <div class=\"num\">3200<\/div>\n                  <h6 class=\"h\">Analyzed Scripts<\/h6>\n              <\/div>\n    <\/div>\n        <div class=\"num-box-item num-box-item-5c91e1e58e473  col-lg-3 col-md-6 col-12\">\n              <i class=\"interview-handshake\"><\/i>\n            <div class=\"line\"><\/div>\n      <div class=\"content\">\n                  <div class=\"num\">280<\/div>\n                  <h6 class=\"h\">Realized Projects<\/h6>\n              <\/div>\n    <\/div>\n        <div class=\"num-box-item num-box-item-5c91e1f330db2  col-lg-3 col-md-6 col-12\">\n              <i class=\"interview-interview-3\"><\/i>\n            <div class=\"line\"><\/div>\n      <div class=\"content\">\n                  <div class=\"num\">120<\/div>\n                  <h6 class=\"h\">Loyal Customers<\/h6>\n              <\/div>\n    <\/div>\n        <div class=\"num-box-item num-box-item-5c91e208be426  col-lg-3 col-md-6 col-12\">\n              <i class=\"web-design-object\"><\/i>\n            <div class=\"line\"><\/div>\n      <div class=\"content\">\n                  <div class=\"num\">160<\/div>\n                  <h6 class=\"h\">Designed Brands<\/h6>\n              <\/div>\n    <\/div>\n        <\/div>\n    <\/div><\/div><\/div><\/div><div class=\"vc_row-full-width vc_clearfix\"><\/div><div class=\"vc_row wpb_row vc_row-fluid vc_custom_1553174725991 vc_row-\"><div class=\"wpb_column vc_column_container vc_col-sm-12\"><div class=\"vc_column-inner\" style=\"  \"><div class=\"wpb_wrapper\">    <div class=\"vertical-tabs vertical-tabs-5c9381c4295a1\">\n      <div class=\"tabs-items\">\n                            <div class=\"tab-item\">\n            <div class=\"tab-m-button\">\n                              <div class=\"num\">01<\/div>\n                              <div class=\"label\">\u00dcber uns<\/div>\n                          <\/div>\n            <div class=\"inner\" style=\"display: block;\">\n              <div class=\"inner-content\">\n                                  <div class=\"image\" style=\"background-image: url(https:\/\/cleanskinlaser.ch\/wp-content\/uploads\/2024\/07\/WhatsApp-Image-2024-07-23-at-15.44.40.jpeg);\"><\/div>\n                                <div class=\"content\">\n                  <div class=\"heading-block\">\n                                          <div class=\"sub-h\">\u00dcber uns<\/div>\n                                        <h2 class=\"h\">\n                                              <em class=\"num\">01<\/em>\n                                            \u00dcber uns                    <\/h2>\n                  <\/div>\n                                      <div class=\"text\">Bei CleanSkin Laser sind wir darauf spezialisiert, Ihnen zu helfen, die nat\u00fcrliche Sch\u00f6nheit Ihrer Haut wiederherzustellen. Unsere Mission ist es, die hochwertigsten Dienstleistungen zur Lasertattooentfernung in einer sicheren, komfortablen und professionellen Umgebung zu bieten.<\/div>\n                                      <a class=\"button-style2\" href=\"#\" target=\"_self\"><span>read more<\/span><\/a>\n                                  <\/div>\n              <\/div>\n            <\/div>\n          <\/div>\n                            <div class=\"tab-item\">\n            <div class=\"tab-m-button\">\n                              <div class=\"num\">02<\/div>\n                              <div class=\"label\">Unsere Geschichte<\/div>\n                          <\/div>\n            <div class=\"inner\">\n              <div class=\"inner-content\">\n                                  <div class=\"image\" style=\"background-image: url(https:\/\/cleanskinlaser.ch\/wp-content\/uploads\/2024\/07\/WhatsApp-Image-2024-07-23-at-15.44.40.jpeg);\"><\/div>\n                                <div class=\"content\">\n                  <div class=\"heading-block\">\n                                          <div class=\"sub-h\">Unsere Geschichte<\/div>\n                                        <h2 class=\"h\">\n                                              <em class=\"num\">02<\/em>\n                                            Unsere Geschichte                    <\/h2>\n                  <\/div>\n                                      <div class=\"text\">CleanSkin Laser wurde aus der Leidenschaft gegr\u00fcndet, Menschen dabei zu helfen, ihr Leben zu ver\u00e4ndern. Wir haben uns zu einem vertrauensw\u00fcrdigen Namen in der Tattooentfernungsbranche entwickelt. Unsere Reise begann mit einem einfachen Ziel: eine L\u00f6sung f\u00fcr diejenigen anzubieten, die ihre Tattoos pr\u00e4zise und sorgf\u00e4ltig entfernen oder aufhellen m\u00f6chten. Im Laufe der Jahre haben wir unz\u00e4hligen Kunden geholfen, unerw\u00fcnschte Tinte zu l\u00f6schen und einen Neuanfang zu wagen.<\/div>\n                                      <a class=\"button-style2\" href=\"#\" target=\"_self\"><span>read more<\/span><\/a>\n                                  <\/div>\n              <\/div>\n            <\/div>\n          <\/div>\n                            <div class=\"tab-item\">\n            <div class=\"tab-m-button\">\n                              <div class=\"num\">03<\/div>\n                              <div class=\"label\">Unser Team<\/div>\n                          <\/div>\n            <div class=\"inner\">\n              <div class=\"inner-content\">\n                                  <div class=\"image\" style=\"background-image: url(https:\/\/cleanskinlaser.ch\/wp-content\/uploads\/2024\/07\/WhatsApp-Image-2024-07-23-at-15.44.40.jpeg);\"><\/div>\n                                <div class=\"content\">\n                  <div class=\"heading-block\">\n                                          <div class=\"sub-h\">Unser Team<\/div>\n                                        <h2 class=\"h\">\n                                              <em class=\"num\">03<\/em>\n                                            Unser Team                    <\/h2>\n                  <\/div>\n                                      <div class=\"text\">Wir glauben, dass der Schl\u00fcssel zu au\u00dfergew\u00f6hnlichen Ergebnissen in der Expertise und Hingabe unseres Teams liegt. Bei CleanSkin Laser sind unsere Spezialisten nicht nur hochqualifizierte Fachleute, sondern auch mitf\u00fchlende Personen, die die pers\u00f6nliche Bedeutung jedes Tattoos verstehen. Unser Team besteht aus zertifizierten Lasertechnikern, die Erfahrung im Einsatz fortschrittlicher Lasertechnologie zur Tattooentfernung haben, Hautpflegeexperten, die umfassende Nachsorgeunterst\u00fctzung bieten, um sicherzustellen, dass Ihre Haut nach jeder Sitzung sch\u00f6n heilt, und Kundendienstmitarbeitern, die hier sind, um Ihre Fragen zu beantworten und Ihre Erfahrung so reibungslos wie m\u00f6glich zu gestalten.<\/div>\n                                      <a class=\"button-style2\" href=\"#\" target=\"_self\"><span>read more<\/span><\/a>\n                                  <\/div>\n              <\/div>\n            <\/div>\n          <\/div>\n                            <div class=\"tab-item\">\n            <div class=\"tab-m-button\">\n                              <div class=\"num\">04<\/div>\n                              <div class=\"label\">Unsere Technologie<\/div>\n                          <\/div>\n            <div class=\"inner\">\n              <div class=\"inner-content\">\n                                  <div class=\"image\" style=\"background-image: url(https:\/\/cleanskinlaser.ch\/wp-content\/uploads\/2024\/07\/WhatsApp-Image-2024-07-23-at-15.44.40.jpeg);\"><\/div>\n                                <div class=\"content\">\n                  <div class=\"heading-block\">\n                                          <div class=\"sub-h\">Unsere Technologie<\/div>\n                                        <h2 class=\"h\">\n                                              <em class=\"num\">04<\/em>\n                                            Unsere Technologie                    <\/h2>\n                  <\/div>\n                                      <div class=\"text\">Bei CleanSkin Laser nutzen wir modernste Lasertechnologie, um effektive und effiziente Behandlungen zur Tattooentfernung durchzuf\u00fchren. Unsere fortschrittlichen Lasersysteme zielen pr\u00e4zise auf die Tintenpartikel ab, zersetzen sie, damit Ihr K\u00f6rper sie auf nat\u00fcrliche Weise ausscheiden kann. Diese Technologie erm\u00f6glicht es uns, eine breite Palette von Tattoofarben und -typen zu behandeln, w\u00e4hrend wir Unbehagen minimieren und eine schnellere Heilung f\u00f6rdern.<\/div>\n                                      <a class=\"button-style2\" href=\"#\" target=\"_self\"><span>read more<\/span><\/a>\n                                  <\/div>\n              <\/div>\n            <\/div>\n          <\/div>\n                            <div class=\"tab-item\">\n            <div class=\"tab-m-button\">\n                              <div class=\"num\">05<\/div>\n                              <div class=\"label\">Unser Ansatz<\/div>\n                          <\/div>\n            <div class=\"inner\">\n              <div class=\"inner-content\">\n                                  <div class=\"image\" style=\"background-image: url(https:\/\/cleanskinlaser.ch\/wp-content\/uploads\/2024\/07\/WhatsApp-Image-2024-07-23-at-15.44.40.jpeg);\"><\/div>\n                                <div class=\"content\">\n                  <div class=\"heading-block\">\n                                          <div class=\"sub-h\">Unser Ansatz<\/div>\n                                        <h2 class=\"h\">\n                                              <em class=\"num\">05<\/em>\n                                            Unser Ansatz                    <\/h2>\n                  <\/div>\n                                      <div class=\"text\">Jedes Tattoo und jeder Kunde ist einzigartig, weshalb wir personalisierte Behandlungspl\u00e4ne anbieten, die auf Ihre speziellen Bed\u00fcrfnisse zugeschnitten sind. Unser Prozess beinhaltet eine kostenlose Erstberatung, bei der wir Ihr Tattoo und Ihren Hauttyp bewerten, Ihre Ziele besprechen und einen individuellen Behandlungsplan erstellen. Unsere geschulten Techniker f\u00fchren dann die Laserbehandlung sorgf\u00e4ltig durch und gew\u00e4hrleisten Ihren Komfort w\u00e4hrend des gesamten Prozesses. Wir bieten auch detaillierte Nachsorgeanweisungen und fortlaufende Unterst\u00fctzung, um Ihnen zu helfen, die bestm\u00f6glichen Ergebnisse zu erzielen.<\/div>\n                                      <a class=\"button-style2\" href=\"#\" target=\"_self\"><span>read more<\/span><\/a>\n                                  <\/div>\n              <\/div>\n            <\/div>\n          <\/div>\n                            <div class=\"tab-item\">\n            <div class=\"tab-m-button\">\n                              <div class=\"num\">06<\/div>\n                              <div class=\"label\">Unser Engagement<\/div>\n                          <\/div>\n            <div class=\"inner\">\n              <div class=\"inner-content\">\n                                  <div class=\"image\" style=\"background-image: url(https:\/\/cleanskinlaser.ch\/wp-content\/uploads\/2024\/07\/WhatsApp-Image-2024-07-23-at-15.44.40.jpeg);\"><\/div>\n                                <div class=\"content\">\n                  <div class=\"heading-block\">\n                                          <div class=\"sub-h\">Unser Engagement<\/div>\n                                        <h2 class=\"h\">\n                                              <em class=\"num\">06<\/em>\n                                            Unser Engagement                    <\/h2>\n                  <\/div>\n                                      <div class=\"text\">Bei CleanSkin Laser sind wir dem Exzellenz verpflichtet und streben in allem, was wir tun, von unseren Behandlungen bis zu unserem Kundenservice, nach den h\u00f6chsten Standards. Ihre Sicherheit hat f\u00fcr uns oberste Priorit\u00e4t, und wir halten uns an strenge Sicherheitsprotokolle, um eine sichere und komfortable Erfahrung zu gew\u00e4hrleisten. Wir sind darauf ausgerichtet, Ihnen zu helfen, klare, t\u00e4towierungsfreie Haut und das damit verbundene Selbstvertrauen zu erreichen.<\/div>\n                                      <a class=\"button-style2\" href=\"#\" target=\"_self\"><span>read more<\/span><\/a>\n                                  <\/div>\n              <\/div>\n            <\/div>\n          <\/div>\n              <\/div>\n      <ul class=\"tabs-buttons\">\n                  <li class=\"current\">\n                          <div class=\"num\">01<\/div>\n                        <div class=\"label\">\u00dcber uns<\/div>\n          <\/li>\n                  <li >\n                          <div class=\"num\">02<\/div>\n                        <div class=\"label\">Unsere Geschichte<\/div>\n          <\/li>\n                  <li >\n                          <div class=\"num\">03<\/div>\n                        <div class=\"label\">Unser Team<\/div>\n          <\/li>\n                  <li >\n                          <div class=\"num\">04<\/div>\n                        <div class=\"label\">Unsere Technologie<\/div>\n          <\/li>\n                  <li >\n                          <div class=\"num\">05<\/div>\n                        <div class=\"label\">Unser Ansatz<\/div>\n          <\/li>\n                  <li >\n                          <div class=\"num\">06<\/div>\n                        <div class=\"label\">Unser Engagement<\/div>\n          <\/li>\n              <\/ul>\n    <\/div>\n    <\/div><\/div><\/div><\/div><div data-vc-full-width=\"true\" data-vc-full-width-init=\"false\" data-vc-stretch-content=\"true\" class=\"vc_row wpb_row vc_row-fluid vc_row-5c9cb26c57719 vc_row-no-padding\"><div class=\"wpb_column vc_column_container vc_col-sm-12\"><div class=\"vc_column-inner\" style=\"  \"><div class=\"wpb_wrapper\">    <section class=\"video-block video-block-5c9cb071f2103\" style=\"height: 350px;\">\n      \n    <div class=\"bg-overlay\">\n              <div class=\"video\"><video id=\"video-69f23d00d3ca4\" class=\"jquery-background-video\" playsinline muted loop src=\"https:\/\/cleanskinlaser.ch\/wp-content\/uploads\/2024\/07\/ClearSkinLaserVideo-1.mp4\" type=\"video\/mp4\" preload=\"none\"><\/video><\/div>                  <\/div>\n\n          <div class=\"content\">\n        <a class=\"play-button single-popup-item on-center\" href=\"#\" data-type=\"video\" data-size=\"960x640\" data-video='<div class=\"wrapper\"><div class=\"video-wrapper\"><iframe class=\"pswp__video\" width=\"960\" height=\"640\" src=\"https:\/\/cleanskinlaser.ch\/wp-content\/uploads\/2024\/07\/ClearSkinLaserVideo-1.mp4\" frameborder=\"0\" allowfullscreen><\/iframe><\/div><\/div>'><span><i class=\"essential-set-play-button\"><\/i><\/span><\/a>\n      <\/div>\n    <\/section>\n    <\/div><\/div><\/div><\/div><div class=\"vc_row-full-width vc_clearfix\"><\/div><div class=\"vc_row wpb_row vc_row-fluid vc_custom_1553778745510 vc_row-5c9cc8307ae13\"><div class=\"wpb_column vc_column_container vc_col-sm-12\"><div class=\"vc_column-inner\" style=\"  \"><div class=\"wpb_wrapper\">      <div class=\"heading-block heading-5c92108737d7e tac h-h3 with-bottom-line\">\n                  <div class=\"sub-h\">Was Kunden sagen<\/div>\n                  <h3 class=\"h\">Referenzen<\/h3>\n              <\/div>\n        <div class=\"testimonials-items testimonials-items-5c921a5b1d93d\">\n                <div class=\"testimonials-item item testimonials-item-5c921a5e07b83\">\n                  <div class=\"avatar\" style=\"background-image: url(https:\/\/cleanskinlaser.ch\/wp-content\/uploads\/2019\/03\/testimonials-img1-1.jpg);\">\n                          <div class=\"owl-prev free-basic-ui-elements-left-arrow\"><\/div>\n              <div class=\"owl-next free-basic-ui-elements-right-arrow\"><\/div>\n                      <\/div>\n                  <div class=\"quote\">Ich war wegen des Verfahrens nerv\u00f6s, aber das Team von ClearSkin hat mir die Angst genommen. Die<br \/>\ndie Ergebnisse sind fantastisch!<\/div>\n                  <div class=\"name\">Matthias Berger<\/div>\n                  <div class=\"post\">Kunde<\/div>\n              <\/div>\n                  <div class=\"testimonials-item item testimonials-item-5c921a996e7cb\">\n                  <div class=\"avatar\" style=\"background-image: url(https:\/\/cleanskinlaser.ch\/wp-content\/uploads\/2019\/03\/testimonials-img2-1.jpg);\">\n                          <div class=\"owl-prev free-basic-ui-elements-left-arrow\"><\/div>\n              <div class=\"owl-next free-basic-ui-elements-right-arrow\"><\/div>\n                      <\/div>\n                  <div class=\"quote\">CleanSkin Laser hat mir mein Selbstvertrauen zur\u00fcckgegeben. Mein Tattoo ist weg, und meine Haut sieht<br \/>\nunglaublich aus!<\/div>\n                  <div class=\"name\">Sven Spieler<\/div>\n                  <div class=\"post\">Kunde<\/div>\n              <\/div>\n            <\/div>\n    <\/div><\/div><\/div><\/div>\n<\/div>","protected":false},"excerpt":{"rendered":"about us We believe that our work creates shared value for Customers work with us 3200 Analyzed Scripts 280 Realized Projects 120 Loyal Customers 160 Designed Brands 01 About Us About Us 01 About Us At CleanSkin Laser, we are dedicated to helping you reclaim the natural beauty of your skin. Our mission is to [...]","protected":false},"author":1,"featured_media":0,"parent":0,"menu_order":0,"comment_status":"closed","ping_status":"closed","template":"template-landing.php","meta":{"_acf_changed":false,"footnotes":""},"class_list":["post-165","page","type-page","status-publish","hentry"],"acf":[],"_links":{"self":[{"href":"https:\/\/cleanskinlaser.ch\/de\/wp-json\/wp\/v2\/pages\/165","targetHints":{"allow":["GET"]}}],"collection":[{"href":"https:\/\/cleanskinlaser.ch\/de\/wp-json\/wp\/v2\/pages"}],"about":[{"href":"https:\/\/cleanskinlaser.ch\/de\/wp-json\/wp\/v2\/types\/page"}],"author":[{"embeddable":true,"href":"https:\/\/cleanskinlaser.ch\/de\/wp-json\/wp\/v2\/users\/1"}],"replies":[{"embeddable":true,"href":"https:\/\/cleanskinlaser.ch\/de\/wp-json\/wp\/v2\/comments?post=165"}],"version-history":[{"count":15,"href":"https:\/\/cleanskinlaser.ch\/de\/wp-json\/wp\/v2\/pages\/165\/revisions"}],"predecessor-version":[{"id":1157,"href":"https:\/\/cleanskinlaser.ch\/de\/wp-json\/wp\/v2\/pages\/165\/revisions\/1157"}],"wp:attachment":[{"href":"https:\/\/cleanskinlaser.ch\/de\/wp-json\/wp\/v2\/media?parent=165"}],"curies":[{"name":"wp","href":"https:\/\/api.w.org\/{rel}","templated":true}]}}